{"id":3055,"date":"2022-07-19T12:04:32","date_gmt":"2022-07-19T12:04:32","guid":{"rendered":"https:\/\/jetvix.com\/?page_id=3055"},"modified":"2024-07-08T14:20:04","modified_gmt":"2024-07-08T14:20:04","slug":"about-us","status":"publish","type":"page","link":"https:\/\/xronix.tech\/pt-br\/about-us\/","title":{"rendered":"About us"},"content":{"rendered":"\t\t<div data-elementor-type=\"wp-page\" data-elementor-id=\"3055\" class=\"elementor elementor-3055 elementor-49\" data-elementor-settings=\"{&quot;element_pack_global_tooltip_width&quot;:{&quot;unit&quot;:&quot;px&quot;,&quot;size&quot;:&quot;&quot;,&quot;sizes&quot;:[]},&quot;element_pack_global_tooltip_width_tablet&quot;:{&quot;unit&quot;:&quot;px&quot;,&quot;size&quot;:&quot;&quot;,&quot;sizes&quot;:[]},&quot;element_pack_global_tooltip_width_mobile&quot;:{&quot;unit&quot;:&quot;px&quot;,&quot;size&quot;:&quot;&quot;,&quot;sizes&quot;:[]},&quot;element_pack_global_tooltip_padding&quot;:{&quot;unit&quot;:&quot;px&quot;,&quot;top&quot;:&quot;&quot;,&quot;right&quot;:&quot;&quot;,&quot;bottom&quot;:&quot;&quot;,&quot;left&quot;:&quot;&quot;,&quot;isLinked&quot;:true},&quot;element_pack_global_tooltip_padding_tablet&quot;:{&quot;unit&quot;:&quot;px&quot;,&quot;top&quot;:&quot;&quot;,&quot;right&quot;:&quot;&quot;,&quot;bottom&quot;:&quot;&quot;,&quot;left&quot;:&quot;&quot;,&quot;isLinked&quot;:true},&quot;element_pack_global_tooltip_padding_mobile&quot;:{&quot;unit&quot;:&quot;px&quot;,&quot;top&quot;:&quot;&quot;,&quot;right&quot;:&quot;&quot;,&quot;bottom&quot;:&quot;&quot;,&quot;left&quot;:&quot;&quot;,&quot;isLinked&quot;:true},&quot;element_pack_global_tooltip_border_radius&quot;:{&quot;unit&quot;:&quot;px&quot;,&quot;top&quot;:&quot;&quot;,&quot;right&quot;:&quot;&quot;,&quot;bottom&quot;:&quot;&quot;,&quot;left&quot;:&quot;&quot;,&quot;isLinked&quot;:true},&quot;element_pack_global_tooltip_border_radius_tablet&quot;:{&quot;unit&quot;:&quot;px&quot;,&quot;top&quot;:&quot;&quot;,&quot;right&quot;:&quot;&quot;,&quot;bottom&quot;:&quot;&quot;,&quot;left&quot;:&quot;&quot;,&quot;isLinked&quot;:true},&quot;element_pack_global_tooltip_border_radius_mobile&quot;:{&quot;unit&quot;:&quot;px&quot;,&quot;top&quot;:&quot;&quot;,&quot;right&quot;:&quot;&quot;,&quot;bottom&quot;:&quot;&quot;,&quot;left&quot;:&quot;&quot;,&quot;isLinked&quot;:true}}\" data-elementor-post-type=\"page\">\n\t\t\t\t\t\t<section class=\"elementor-section elementor-top-section elementor-element elementor-element-621934a elementor-section-boxed elementor-section-height-default elementor-section-height-default\" data-id=\"621934a\" data-element_type=\"section\">\n\t\t\t\t\t\t<div class=\"elementor-container elementor-column-gap-default\">\n\t\t\t\t\t<div class=\"elementor-column elementor-col-100 elementor-top-column elementor-element elementor-element-7fa2401\" data-id=\"7fa2401\" data-element_type=\"column\">\n\t\t\t<div class=\"elementor-widget-wrap elementor-element-populated\">\n\t\t\t\t\t\t<div class=\"elementor-element elementor-element-5370dd2 elementor-widget__width-auto elementor-invisible elementor-widget elementor-widget-text-editor\" data-id=\"5370dd2\" data-element_type=\"widget\" data-settings=\"{&quot;_animation_delay&quot;:100,&quot;_animation&quot;:&quot;fadeInUp&quot;}\" data-widget_type=\"text-editor.default\">\n\t\t\t\t<div class=\"elementor-widget-container\">\n\t\t\t\t\t\t\t<p><strong>About Us<\/strong><\/p>\t\t\t\t\t\t<\/div>\n\t\t\t\t<\/div>\n\t\t\t\t<div class=\"elementor-element elementor-element-b65aff0 elementor-widget elementor-widget-spacer\" data-id=\"b65aff0\" data-element_type=\"widget\" data-widget_type=\"spacer.default\">\n\t\t\t\t<div class=\"elementor-widget-container\">\n\t\t\t\t\t<div class=\"elementor-spacer\">\n\t\t\t<div class=\"elementor-spacer-inner\"><\/div>\n\t\t<\/div>\n\t\t\t\t<\/div>\n\t\t\t\t<\/div>\n\t\t\t\t<div class=\"elementor-element elementor-element-f4ac57d elementor-widget__width-initial  ui-split-animate ui-splitby-chars elementor-widget elementor-widget-heading\" data-id=\"f4ac57d\" data-element_type=\"widget\" data-settings=\"{&quot;ui_animate_split&quot;:&quot;ui-split-animate&quot;,&quot;ui_animate_split_by&quot;:&quot;chars&quot;,&quot;ui_animate_split_style&quot;:&quot;fadeInUp&quot;}\" data-widget_type=\"heading.default\">\n\t\t\t\t<div class=\"elementor-widget-container\">\n\t\t\t<h1 class=\"elementor-heading-title elementor-size-default\">Por que a Jetvix?<\/h1>\t\t<\/div>\n\t\t\t\t<\/div>\n\t\t\t\t<div class=\"elementor-element elementor-element-3800244 elementor-widget elementor-widget-spacer\" data-id=\"3800244\" data-element_type=\"widget\" data-widget_type=\"spacer.default\">\n\t\t\t\t<div class=\"elementor-widget-container\">\n\t\t\t\t\t<div class=\"elementor-spacer\">\n\t\t\t<div class=\"elementor-spacer-inner\"><\/div>\n\t\t<\/div>\n\t\t\t\t<\/div>\n\t\t\t\t<\/div>\n\t\t\t\t<div class=\"elementor-element elementor-element-4e9d918 elementor-widget__width-initial  ui-split-animate ui-splitby-lines elementor-widget elementor-widget-text-editor\" data-id=\"4e9d918\" data-element_type=\"widget\" data-settings=\"{&quot;ui_animate_split&quot;:&quot;ui-split-animate&quot;,&quot;ui_animate_split_by&quot;:&quot;lines&quot;,&quot;ui_animate_split_style&quot;:&quot;fadeInUp&quot;}\" data-widget_type=\"text-editor.default\">\n\t\t\t\t<div class=\"elementor-widget-container\">\n\t\t\t\t\t\t\t<p class=\"p1\">Ol\u00e1! Vamos nos apresentar brevemente. A Jetvix \u00e9 uma plataforma que foi criada por algumas pessoas com ideais semelhantes e grande experi\u00eancia nas maiores fintechs do mundo. Desde o in\u00edcio, nosso objetivo era criar um produto onde voc\u00ea, o usu\u00e1rio, fosse o centro das aten\u00e7\u00f5es.<\/p>\t\t\t\t\t\t<\/div>\n\t\t\t\t<\/div>\n\t\t\t\t\t<\/div>\n\t\t<\/div>\n\t\t\t\t\t<\/div>\n\t\t<\/section>\n\t\t\t\t<section class=\"elementor-section elementor-top-section elementor-element elementor-element-1e9fd4a elementor-section-boxed elementor-section-height-default elementor-section-height-default\" data-id=\"1e9fd4a\" data-element_type=\"section\" data-settings=\"{&quot;background_background&quot;:&quot;gradient&quot;}\">\n\t\t\t\t\t\t<div class=\"elementor-container elementor-column-gap-default\">\n\t\t\t\t\t<div class=\"elementor-column elementor-col-100 elementor-top-column elementor-element elementor-element-2e00df9\" data-id=\"2e00df9\" data-element_type=\"column\">\n\t\t\t<div class=\"elementor-widget-wrap elementor-element-populated\">\n\t\t\t\t\t\t<div class=\"elementor-element elementor-element-1ca78bf  ui-split-animate ui-splitby-chars elementor-widget elementor-widget-heading\" data-id=\"1ca78bf\" data-element_type=\"widget\" data-settings=\"{&quot;ui_animate_split&quot;:&quot;ui-split-animate&quot;,&quot;ui_animate_split_by&quot;:&quot;chars&quot;,&quot;ui_animate_split_style&quot;:&quot;fadeInUp&quot;}\" data-widget_type=\"heading.default\">\n\t\t\t\t<div class=\"elementor-widget-container\">\n\t\t\t<h2 class=\"elementor-heading-title elementor-size-default\">A Jetvix \u00e9<\/h2>\t\t<\/div>\n\t\t\t\t<\/div>\n\t\t\t\t<section class=\"elementor-section elementor-inner-section elementor-element elementor-element-59f2d5b elementor-section-boxed elementor-section-height-default elementor-section-height-default\" data-id=\"59f2d5b\" data-element_type=\"section\">\n\t\t\t\t\t\t<div class=\"elementor-container elementor-column-gap-default\">\n\t\t\t\t\t<div class=\"elementor-column elementor-col-33 elementor-inner-column elementor-element elementor-element-c3aa6b4\" data-id=\"c3aa6b4\" data-element_type=\"column\">\n\t\t\t<div class=\"elementor-widget-wrap elementor-element-populated\">\n\t\t\t\t\t\t<div class=\"elementor-element elementor-element-936d8e3 elementor-widget elementor-widget-bdt-advanced-counter\" data-id=\"936d8e3\" data-element_type=\"widget\" data-widget_type=\"bdt-advanced-counter.default\">\n\t\t\t\t<div class=\"elementor-widget-container\">\n\t\t\t\t\t<div class=\"bdt-ep-advanced-counter\" data-settings=\"{&quot;id&quot;:&quot;bdt-ep-advanced-counter-data-936d8e3&quot;,&quot;countStart&quot;:1,&quot;countNumber&quot;:150,&quot;language&quot;:[&quot;0&quot;,&quot;1&quot;,&quot;2&quot;,&quot;3&quot;,&quot;4&quot;,&quot;5&quot;,&quot;6&quot;,&quot;7&quot;,&quot;8&quot;,&quot;9&quot;],&quot;duration&quot;:&quot;2&quot;,&quot;useEasing&quot;:&quot;yes&quot;,&quot;useGrouping&quot;:&quot;no&quot;,&quot;decimalSymbol&quot;:&quot;.&quot;,&quot;counterSuffix&quot;:&quot;k+&quot;}\">\n\t\t\t\t\t\t\t\t\t\n\t\t\t\t\t\t\t<div class=\"bdt-ep-advanced-counter-content\">\n\t\t\t\t\t\t\t\t\t\n\t\t\t\t\t<div class=\"bdt-ep-advanced-counter-number\">\n\t\t\t\t<span class=\"bdt-count-this\" id=\"bdt-ep-advanced-counter-data-936d8e3\" >\n\t\t\t\t\t150\t\t\t\t<\/span>\n\t\t\t<\/div>\n\t\t\t\t\t\t\t\t\t\t\t\t\t\t\t\t\t\t\t\t<h4\t\t\t\t\t\tclass=\"bdt-ep-advanced-counter-text\">\n\t\t\t\t\t\ttraders inspiradores\t\t\t\t\t<\/h4>\n\t\t\t\t\t\t\t<\/div>\n\t\t<\/div>\n\n\t\t\n\t\t<\/div>\n\t\t\t\t<\/div>\n\t\t\t\t\t<\/div>\n\t\t<\/div>\n\t\t\t\t<div class=\"elementor-column elementor-col-33 elementor-inner-column elementor-element elementor-element-8d910ea\" data-id=\"8d910ea\" data-element_type=\"column\">\n\t\t\t<div class=\"elementor-widget-wrap elementor-element-populated\">\n\t\t\t\t\t\t<div class=\"elementor-element elementor-element-f943db6 elementor-widget elementor-widget-bdt-advanced-counter\" data-id=\"f943db6\" data-element_type=\"widget\" data-widget_type=\"bdt-advanced-counter.default\">\n\t\t\t\t<div class=\"elementor-widget-container\">\n\t\t\t\t\t<div class=\"bdt-ep-advanced-counter\" data-settings=\"{&quot;id&quot;:&quot;bdt-ep-advanced-counter-data-f943db6&quot;,&quot;countStart&quot;:1,&quot;countNumber&quot;:140,&quot;language&quot;:[&quot;0&quot;,&quot;1&quot;,&quot;2&quot;,&quot;3&quot;,&quot;4&quot;,&quot;5&quot;,&quot;6&quot;,&quot;7&quot;,&quot;8&quot;,&quot;9&quot;],&quot;duration&quot;:&quot;2&quot;,&quot;useEasing&quot;:&quot;yes&quot;,&quot;useGrouping&quot;:&quot;no&quot;,&quot;decimalSymbol&quot;:&quot;.&quot;,&quot;counterSuffix&quot;:&quot;+&quot;}\">\n\t\t\t\t\t\t\t\t\t\n\t\t\t\t\t\t\t<div class=\"bdt-ep-advanced-counter-content\">\n\t\t\t\t\t\t\t\t\t\n\t\t\t\t\t<div class=\"bdt-ep-advanced-counter-number\">\n\t\t\t\t<span class=\"bdt-count-this\" id=\"bdt-ep-advanced-counter-data-f943db6\" >\n\t\t\t\t\t140\t\t\t\t<\/span>\n\t\t\t<\/div>\n\t\t\t\t\t\t\t\t\t\t\t\t\t\t\t\t\t\t\t\t<h4\t\t\t\t\t\tclass=\"bdt-ep-advanced-counter-text\">\n\t\t\t\t\t\tativos\t\t\t\t\t<\/h4>\n\t\t\t\t\t\t\t<\/div>\n\t\t<\/div>\n\n\t\t\n\t\t<\/div>\n\t\t\t\t<\/div>\n\t\t\t\t\t<\/div>\n\t\t<\/div>\n\t\t\t\t<div class=\"elementor-column elementor-col-33 elementor-inner-column elementor-element elementor-element-fed7e45\" data-id=\"fed7e45\" data-element_type=\"column\">\n\t\t\t<div class=\"elementor-widget-wrap elementor-element-populated\">\n\t\t\t\t\t\t<div class=\"elementor-element elementor-element-de3500a elementor-widget elementor-widget-bdt-advanced-counter\" data-id=\"de3500a\" data-element_type=\"widget\" data-widget_type=\"bdt-advanced-counter.default\">\n\t\t\t\t<div class=\"elementor-widget-container\">\n\t\t\t\t\t<div class=\"bdt-ep-advanced-counter\" data-settings=\"{&quot;id&quot;:&quot;bdt-ep-advanced-counter-data-de3500a&quot;,&quot;countStart&quot;:1,&quot;countNumber&quot;:1,&quot;language&quot;:[&quot;0&quot;,&quot;1&quot;,&quot;2&quot;,&quot;3&quot;,&quot;4&quot;,&quot;5&quot;,&quot;6&quot;,&quot;7&quot;,&quot;8&quot;,&quot;9&quot;],&quot;duration&quot;:&quot;2&quot;,&quot;useEasing&quot;:&quot;yes&quot;,&quot;useGrouping&quot;:&quot;no&quot;,&quot;decimalSymbol&quot;:&quot;.&quot;,&quot;counterPrefix&quot;:&quot;$&quot;,&quot;counterSuffix&quot;:&quot; bilh\\u00e3o&quot;}\">\n\t\t\t\t\t\t\t\t\t\n\t\t\t\t\t\t\t<div class=\"bdt-ep-advanced-counter-content\">\n\t\t\t\t\t\t\t\t\t\n\t\t\t\t\t<div class=\"bdt-ep-advanced-counter-number\">\n\t\t\t\t<span class=\"bdt-count-this\" id=\"bdt-ep-advanced-counter-data-de3500a\" >\n\t\t\t\t\t1\t\t\t\t<\/span>\n\t\t\t<\/div>\n\t\t\t\t\t\t\t\t\t\t\t\t\t\t\t\t\t\t\t\t<h4\t\t\t\t\t\tclass=\"bdt-ep-advanced-counter-text\">\n\t\t\t\t\t\tem volume negociado\t\t\t\t\t<\/h4>\n\t\t\t\t\t\t\t<\/div>\n\t\t<\/div>\n\n\t\t\n\t\t<\/div>\n\t\t\t\t<\/div>\n\t\t\t\t\t<\/div>\n\t\t<\/div>\n\t\t\t\t\t<\/div>\n\t\t<\/section>\n\t\t\t\t<div class=\"elementor-element elementor-element-dbaa903 elementor-widget elementor-widget-spacer\" data-id=\"dbaa903\" data-element_type=\"widget\" data-widget_type=\"spacer.default\">\n\t\t\t\t<div class=\"elementor-widget-container\">\n\t\t\t\t\t<div class=\"elementor-spacer\">\n\t\t\t<div class=\"elementor-spacer-inner\"><\/div>\n\t\t<\/div>\n\t\t\t\t<\/div>\n\t\t\t\t<\/div>\n\t\t\t\t<div class=\"elementor-element elementor-element-1fc19c3 elementor-widget elementor-widget-text-editor\" data-id=\"1fc19c3\" data-element_type=\"widget\" data-widget_type=\"text-editor.default\">\n\t\t\t\t<div class=\"elementor-widget-container\">\n\t\t\t\t\t\t\t<p class=\"p1\">Agora somos uma grande empresa global, mas nosso personagem principal continua sendo o usu\u00e1rio. Por qu\u00ea? Porque nos importamos com voc\u00ea.<\/p>\t\t\t\t\t\t<\/div>\n\t\t\t\t<\/div>\n\t\t\t\t\t<\/div>\n\t\t<\/div>\n\t\t\t\t\t<\/div>\n\t\t<\/section>\n\t\t\t\t<section class=\"elementor-section elementor-top-section elementor-element elementor-element-049bf93 elementor-section-boxed elementor-section-height-default elementor-section-height-default\" data-id=\"049bf93\" data-element_type=\"section\">\n\t\t\t\t\t\t<div class=\"elementor-container elementor-column-gap-default\">\n\t\t\t\t\t<div class=\"elementor-column elementor-col-100 elementor-top-column elementor-element elementor-element-0ddf05f\" data-id=\"0ddf05f\" data-element_type=\"column\">\n\t\t\t<div class=\"elementor-widget-wrap elementor-element-populated\">\n\t\t\t\t\t\t<div class=\"elementor-element elementor-element-c338e59  ui-split-animate ui-splitby-chars elementor-widget elementor-widget-heading\" data-id=\"c338e59\" data-element_type=\"widget\" data-settings=\"{&quot;ui_animate_split&quot;:&quot;ui-split-animate&quot;,&quot;ui_animate_split_by&quot;:&quot;chars&quot;,&quot;ui_animate_split_style&quot;:&quot;fadeInUp&quot;}\" data-widget_type=\"heading.default\">\n\t\t\t\t<div class=\"elementor-widget-container\">\n\t\t\t<h2 class=\"elementor-heading-title elementor-size-default\">Nossa miss\u00e3o<\/h2>\t\t<\/div>\n\t\t\t\t<\/div>\n\t\t\t\t<div class=\"elementor-element elementor-element-2a72f9c elementor-widget__width-initial elementor-widget-tablet__width-inherit  ui-split-animate ui-splitby-lines elementor-invisible elementor-widget elementor-widget-text-editor\" data-id=\"2a72f9c\" data-element_type=\"widget\" data-settings=\"{&quot;_animation&quot;:&quot;fadeInUp&quot;,&quot;_animation_delay&quot;:500,&quot;ui_animate_split&quot;:&quot;ui-split-animate&quot;,&quot;ui_animate_split_by&quot;:&quot;lines&quot;,&quot;ui_animate_split_style&quot;:&quot;fadeInUp&quot;}\" data-widget_type=\"text-editor.default\">\n\t\t\t\t<div class=\"elementor-widget-container\">\n\t\t\t\t\t\t\t<p class=\"p1\">\u00e9 tornar o trading aberto e acess\u00edvel a todos, sem a necessidade de conhecimento em economia ou 20 anos de experi\u00eancia.<\/p>\t\t\t\t\t\t<\/div>\n\t\t\t\t<\/div>\n\t\t\t\t<div class=\"elementor-element elementor-element-7ebb19b elementor-align-center bdt-item-transition-content elementor-invisible bdt-background-overlay-yes elementor-widget elementor-widget-bdt-trailer-box\" data-id=\"7ebb19b\" data-element_type=\"widget\" data-settings=\"{&quot;_animation&quot;:&quot;fadeInUp&quot;}\" data-widget_type=\"bdt-trailer-box.default\">\n\t\t\t\t<div class=\"elementor-widget-container\">\n\t\t\t\n\t\t\n\t\t\n\t\t\t<div class=\"bdt-trailer-box bdt-position-relative\">\n\t\t\t\t<div class=\"bdt-trailer-box-desc  bdt-position-bottom-left\">\n\t\t\t\t\t<div class=\"bdt-trailer-box-desc-inner\">\n\t\t\t\t\t\t\n\t\t\t\t\t\t\t\t\t\t\t\t\t<div class=\"bdt-trailer-box-title-wrap\">\n\t\t\t\t\t\t\t\t<h3 class=\"bdt-trailer-box-title\">\n\t\t\t\t\t\t\t\t\tInspira\u00e7\u00e3o\t\t\t\t\t\t\t\t<\/h3>\n\t\t\t\t\t\t\t<\/div>\n\t\t\t\t\t\t\n\t\t\t\t\t\t\t\t\t\t\t\t\t<div class=\"bdt-trailer-box-text\"><p class=\"p1\">N\u00e3o nos importamos com quem voc\u00ea \u00e9 ou de onde voc\u00ea vem. Acreditamos que qualquer pessoa pode ser bem-sucedida no trading e que voc\u00ea n\u00e3o precisa passar uma grande parte da sua vida aprendendo a negociar. Tudo o que voc\u00ea precisa \u00e9 de orienta\u00e7\u00e3o clara e nosso apoio inabal\u00e1vel. N\u00f3s oferecemos tudo isso.<\/p><\/div>\n\t\t\t\t\t\t\n\t\t\t\t\t\t\t\t\t\t\t\t\t\n\t\t\n\t\t\t\t\t\t\t\t\t\t\t\t\t<\/div>\n\t\t\t\t\t\n\t\t\t\t<\/div>\n\t\t\t\t\n\t\t\t<\/div>\n\n\t\t\t\n\t\t\n\t\t\t\t<\/div>\n\t\t\t\t<\/div>\n\t\t\t\t<div class=\"elementor-element elementor-element-da508b4 elementor-widget elementor-widget-spacer\" data-id=\"da508b4\" data-element_type=\"widget\" data-widget_type=\"spacer.default\">\n\t\t\t\t<div class=\"elementor-widget-container\">\n\t\t\t\t\t<div class=\"elementor-spacer\">\n\t\t\t<div class=\"elementor-spacer-inner\"><\/div>\n\t\t<\/div>\n\t\t\t\t<\/div>\n\t\t\t\t<\/div>\n\t\t\t\t<div class=\"elementor-element elementor-element-e5bfe02 elementor-align-center bdt-item-transition-content elementor-invisible bdt-background-overlay-yes elementor-widget elementor-widget-bdt-trailer-box\" data-id=\"e5bfe02\" data-element_type=\"widget\" data-settings=\"{&quot;_animation&quot;:&quot;fadeInUp&quot;}\" data-widget_type=\"bdt-trailer-box.default\">\n\t\t\t\t<div class=\"elementor-widget-container\">\n\t\t\t\n\t\t\n\t\t\n\t\t\t<div class=\"bdt-trailer-box bdt-position-relative\">\n\t\t\t\t<div class=\"bdt-trailer-box-desc  bdt-position-bottom-left\">\n\t\t\t\t\t<div class=\"bdt-trailer-box-desc-inner\">\n\t\t\t\t\t\t\n\t\t\t\t\t\t\t\t\t\t\t\t\t<div class=\"bdt-trailer-box-title-wrap\">\n\t\t\t\t\t\t\t\t<h3 class=\"bdt-trailer-box-title\">\n\t\t\t\t\t\t\t\t\tCoragem\t\t\t\t\t\t\t\t<\/h3>\n\t\t\t\t\t\t\t<\/div>\n\t\t\t\t\t\t\n\t\t\t\t\t\t\t\t\t\t\t\t\t<div class=\"bdt-trailer-box-text\"><p class=\"p1\">O mundo est\u00e1 mudando e estamos mudando com ele. N\u00f3s definimos as tend\u00eancias no trading. N\u00e3o temos medo de abandonar o antigo e criar o novo. O melhor ainda est\u00e1 por vir, siga-nos para chegar l\u00e1.<\/p><\/div>\n\t\t\t\t\t\t\n\t\t\t\t\t\t\t\t\t\t\t\t\t\n\t\t\n\t\t\t\t\t\t\t\t\t\t\t\t\t<\/div>\n\t\t\t\t\t\n\t\t\t\t<\/div>\n\t\t\t\t\n\t\t\t<\/div>\n\n\t\t\t\n\t\t\n\t\t\t\t<\/div>\n\t\t\t\t<\/div>\n\t\t\t\t<div class=\"elementor-element elementor-element-324853a elementor-widget elementor-widget-spacer\" data-id=\"324853a\" data-element_type=\"widget\" data-widget_type=\"spacer.default\">\n\t\t\t\t<div class=\"elementor-widget-container\">\n\t\t\t\t\t<div class=\"elementor-spacer\">\n\t\t\t<div class=\"elementor-spacer-inner\"><\/div>\n\t\t<\/div>\n\t\t\t\t<\/div>\n\t\t\t\t<\/div>\n\t\t\t\t<div class=\"elementor-element elementor-element-580328f elementor-align-center bdt-item-transition-content elementor-invisible bdt-background-overlay-yes elementor-widget elementor-widget-bdt-trailer-box\" data-id=\"580328f\" data-element_type=\"widget\" data-settings=\"{&quot;_animation&quot;:&quot;fadeInUp&quot;}\" data-widget_type=\"bdt-trailer-box.default\">\n\t\t\t\t<div class=\"elementor-widget-container\">\n\t\t\t\n\t\t\n\t\t\n\t\t\t<div class=\"bdt-trailer-box bdt-position-relative\">\n\t\t\t\t<div class=\"bdt-trailer-box-desc  bdt-position-bottom-left\">\n\t\t\t\t\t<div class=\"bdt-trailer-box-desc-inner\">\n\t\t\t\t\t\t\n\t\t\t\t\t\t\t\t\t\t\t\t\t<div class=\"bdt-trailer-box-title-wrap\">\n\t\t\t\t\t\t\t\t<h3 class=\"bdt-trailer-box-title\">\n\t\t\t\t\t\t\t\t\tClareza\t\t\t\t\t\t\t\t<\/h3>\n\t\t\t\t\t\t\t<\/div>\n\t\t\t\t\t\t\n\t\t\t\t\t\t\t\t\t\t\t\t\t<div class=\"bdt-trailer-box-text\"><p class=\"p1\">A Jetvix n\u00e3o se trata de termos t\u00e9cnicos complexos \u2013 falamos a mesma l\u00edngua que voc\u00ea. Al\u00e9m disso, voc\u00ea poder\u00e1 ver todas as a\u00e7\u00f5es na interface. <strong>Simplicidade e transpar\u00eancia:<\/strong> eram esses os elementos que faltavam no trading antes do surgimento da Jetvix.<\/p><\/div>\n\t\t\t\t\t\t\n\t\t\t\t\t\t\t\t\t\t\t\t\t\n\t\t\n\t\t\t\t\t\t\t\t\t\t\t\t\t<\/div>\n\t\t\t\t\t\n\t\t\t\t<\/div>\n\t\t\t\t\n\t\t\t<\/div>\n\n\t\t\t\n\t\t\n\t\t\t\t<\/div>\n\t\t\t\t<\/div>\n\t\t\t\t<div class=\"elementor-element elementor-element-827d734 elementor-widget elementor-widget-spacer\" data-id=\"827d734\" data-element_type=\"widget\" data-widget_type=\"spacer.default\">\n\t\t\t\t<div class=\"elementor-widget-container\">\n\t\t\t\t\t<div class=\"elementor-spacer\">\n\t\t\t<div class=\"elementor-spacer-inner\"><\/div>\n\t\t<\/div>\n\t\t\t\t<\/div>\n\t\t\t\t<\/div>\n\t\t\t\t<div class=\"elementor-element elementor-element-418e43e elementor-invisible elementor-widget elementor-widget-text-editor\" data-id=\"418e43e\" data-element_type=\"widget\" data-settings=\"{&quot;_animation&quot;:&quot;fadeInUp&quot;}\" data-widget_type=\"text-editor.default\">\n\t\t\t\t<div class=\"elementor-widget-container\">\n\t\t\t\t\t\t\t<p class=\"p1\">Conosco, voc\u00ea pode conquistar sua montanha com mais facilidade e rapidez. E n\u00f3s estaremos l\u00e1 para ajudar.<\/p>\t\t\t\t\t\t<\/div>\n\t\t\t\t<\/div>\n\t\t\t\t<div class=\"elementor-element elementor-element-9f46d8f elementor-widget elementor-widget-spacer\" data-id=\"9f46d8f\" data-element_type=\"widget\" data-widget_type=\"spacer.default\">\n\t\t\t\t<div class=\"elementor-widget-container\">\n\t\t\t\t\t<div class=\"elementor-spacer\">\n\t\t\t<div class=\"elementor-spacer-inner\"><\/div>\n\t\t<\/div>\n\t\t\t\t<\/div>\n\t\t\t\t<\/div>\n\t\t\t\t<div class=\"elementor-element elementor-element-a33de03 elementor-view-default elementor-widget elementor-widget-icon\" data-id=\"a33de03\" data-element_type=\"widget\" data-widget_type=\"icon.default\">\n\t\t\t\t<div class=\"elementor-widget-container\">\n\t\t\t\t\t<div class=\"elementor-icon-wrapper\">\n\t\t\t<div class=\"elementor-icon\">\n\t\t\t<i aria-hidden=\"true\" class=\"fas fa-circle\"><\/i>\t\t\t<\/div>\n\t\t<\/div>\n\t\t\t\t<\/div>\n\t\t\t\t<\/div>\n\t\t\t\t\t<\/div>\n\t\t<\/div>\n\t\t\t\t\t<\/div>\n\t\t<\/section>\n\t\t\t\t<\/div>\n\t\t","protected":false},"excerpt":{"rendered":"<p>About Us Por que a Jetvix? Ol\u00e1! Vamos nos apresentar brevemente. A Jetvix \u00e9 uma plataforma que foi criada por algumas pessoas [&hellip;]<\/p>\n","protected":false},"author":6,"featured_media":0,"parent":0,"menu_order":0,"comment_status":"closed","ping_status":"closed","template":"","meta":{"footnotes":""},"class_list":["post-3055","page","type-page","status-publish","hentry"],"yoast_head":"<!-- This site is optimized with the Yoast SEO plugin v21.2 - https:\/\/yoast.com\/wordpress\/plugins\/seo\/ -->\n<title>About us - Jetvix - Online CFD Platform<\/title>\n<meta name=\"robots\" content=\"index, follow, max-snippet:-1, max-image-preview:large, max-video-preview:-1\" \/>\n<link rel=\"canonical\" href=\"https:\/\/xronix.tech\/pt-br\/about-us\/\" \/>\n<meta property=\"og:locale\" content=\"pt_BR\" \/>\n<meta property=\"og:type\" content=\"article\" \/>\n<meta property=\"og:title\" content=\"About us - Jetvix - Online CFD Platform\" \/>\n<meta property=\"og:description\" content=\"About Us Por que a Jetvix? Ol\u00e1! Vamos nos apresentar brevemente. A Jetvix \u00e9 uma plataforma que foi criada por algumas pessoas [&hellip;]\" \/>\n<meta property=\"og:url\" content=\"https:\/\/xronix.tech\/pt-br\/about-us\/\" \/>\n<meta property=\"og:site_name\" content=\"Jetvix - Online CFD Platform\" \/>\n<meta property=\"article:modified_time\" content=\"2024-07-08T14:20:04+00:00\" \/>\n<meta name=\"twitter:card\" content=\"summary_large_image\" \/>\n<meta name=\"twitter:label1\" content=\"Est. reading time\" \/>\n\t<meta name=\"twitter:data1\" content=\"1 minute\" \/>\n<script type=\"application\/ld+json\" class=\"yoast-schema-graph\">{\"@context\":\"https:\/\/schema.org\",\"@graph\":[{\"@type\":\"WebPage\",\"@id\":\"https:\/\/xronix.tech\/pt-br\/about-us\/\",\"url\":\"https:\/\/xronix.tech\/pt-br\/about-us\/\",\"name\":\"About us - Jetvix - Online CFD Platform\",\"isPartOf\":{\"@id\":\"https:\/\/xronix.tech\/#website\"},\"datePublished\":\"2022-07-19T12:04:32+00:00\",\"dateModified\":\"2024-07-08T14:20:04+00:00\",\"inLanguage\":\"pt-BR\",\"potentialAction\":[{\"@type\":\"ReadAction\",\"target\":[\"https:\/\/xronix.tech\/pt-br\/about-us\/\"]}]},{\"@type\":\"WebSite\",\"@id\":\"https:\/\/xronix.tech\/#website\",\"url\":\"https:\/\/xronix.tech\/\",\"name\":\"Jetvix - Online CFD Platform\",\"description\":\"\",\"potentialAction\":[{\"@type\":\"SearchAction\",\"target\":{\"@type\":\"EntryPoint\",\"urlTemplate\":\"https:\/\/xronix.tech\/?s={search_term_string}\"},\"query-input\":\"required name=search_term_string\"}],\"inLanguage\":\"pt-BR\"}]}<\/script>\n<!-- \/ Yoast SEO plugin. -->","yoast_head_json":{"title":"About us - Jetvix - Online CFD Platform","robots":{"index":"index","follow":"follow","max-snippet":"max-snippet:-1","max-image-preview":"max-image-preview:large","max-video-preview":"max-video-preview:-1"},"canonical":"https:\/\/xronix.tech\/pt-br\/about-us\/","og_locale":"pt_BR","og_type":"article","og_title":"About us - Jetvix - Online CFD Platform","og_description":"About Us Por que a Jetvix? Ol\u00e1! Vamos nos apresentar brevemente. A Jetvix \u00e9 uma plataforma que foi criada por algumas pessoas [&hellip;]","og_url":"https:\/\/xronix.tech\/pt-br\/about-us\/","og_site_name":"Jetvix - Online CFD Platform","article_modified_time":"2024-07-08T14:20:04+00:00","twitter_card":"summary_large_image","twitter_misc":{"Est. reading time":"1 minute"},"schema":{"@context":"https:\/\/schema.org","@graph":[{"@type":"WebPage","@id":"https:\/\/xronix.tech\/pt-br\/about-us\/","url":"https:\/\/xronix.tech\/pt-br\/about-us\/","name":"About us - Jetvix - Online CFD Platform","isPartOf":{"@id":"https:\/\/xronix.tech\/#website"},"datePublished":"2022-07-19T12:04:32+00:00","dateModified":"2024-07-08T14:20:04+00:00","inLanguage":"pt-BR","potentialAction":[{"@type":"ReadAction","target":["https:\/\/xronix.tech\/pt-br\/about-us\/"]}]},{"@type":"WebSite","@id":"https:\/\/xronix.tech\/#website","url":"https:\/\/xronix.tech\/","name":"Jetvix - Online CFD Platform","description":"","potentialAction":[{"@type":"SearchAction","target":{"@type":"EntryPoint","urlTemplate":"https:\/\/xronix.tech\/?s={search_term_string}"},"query-input":"required name=search_term_string"}],"inLanguage":"pt-BR"}]}},"_links":{"self":[{"href":"https:\/\/xronix.tech\/pt-br\/wp-json\/wp\/v2\/pages\/3055"}],"collection":[{"href":"https:\/\/xronix.tech\/pt-br\/wp-json\/wp\/v2\/pages"}],"about":[{"href":"https:\/\/xronix.tech\/pt-br\/wp-json\/wp\/v2\/types\/page"}],"author":[{"embeddable":true,"href":"https:\/\/xronix.tech\/pt-br\/wp-json\/wp\/v2\/users\/6"}],"replies":[{"embeddable":true,"href":"https:\/\/xronix.tech\/pt-br\/wp-json\/wp\/v2\/comments?post=3055"}],"version-history":[{"count":8,"href":"https:\/\/xronix.tech\/pt-br\/wp-json\/wp\/v2\/pages\/3055\/revisions"}],"predecessor-version":[{"id":5458,"href":"https:\/\/xronix.tech\/pt-br\/wp-json\/wp\/v2\/pages\/3055\/revisions\/5458"}],"wp:attachment":[{"href":"https:\/\/xronix.tech\/pt-br\/wp-json\/wp\/v2\/media?parent=3055"}],"curies":[{"name":"wp","href":"https:\/\/api.w.org\/{rel}","templated":true}]}}